{"id":5,"date":"2023-04-16T09:53:27","date_gmt":"2023-04-16T08:53:27","guid":{"rendered":"http:\/\/localhost\/2015\/Jun\/Mu.25918\/?page_id=5"},"modified":"2023-04-17T22:09:35","modified_gmt":"2023-04-17T21:09:35","slug":"home","status":"publish","type":"page","link":"https:\/\/247london-airport-transfers.co.uk\/prev\/","title":{"rendered":"Home"},"content":{"rendered":"<div class=\"row  \" ><section class=\"parallax-box image-parallax-box \" style=\"min-height: 300px\"><div class=\"parallax-content\"><div class=\"container\"><div class=\"row row-edge\">\n<div class=\"col-md-12 col-lg-12\">\n<div class=\"row  \" ><div class=\"container\"><div class=\"row row-edge\">\n<div class=\"col-md-12\">\n<div class=\"title-box   title_box-891\"><div class=\"title-box_content\"><h2 class=\"title-box_title\">why us<\/h2><\/div><\/div>\n<\/div>\n<\/div><\/div><\/div>\n<div class=\"row  \" ><div class=\"container\"><div class=\"row row-edge\">\n<div class=\"col-xs-12 col-sm-12 col-md-4 col-lg-4\">\n<a class=\"cherry-btn cherry-btn-primary cherry-btn-medium cherry-btn-inline cherry-btn-fade style-1  button-921\" target=\"_self\" href=\"#\"><span class=\"cherry-btn-icon icon-position-left\"><img src=\"\/wp-content\/uploads\/2017\/04\/phone.png\" alt=\"\"><\/span><span class=\"cherry-btn-content-wrap\">Read More<\/span><\/a>\n<h3 style=\"text-align: center;\">Professionalism<\/h3>\n<p style=\"text-align: justify;\">In the first place London Airport Transfers is here to fulfil your every requirement. In the second place first thing to remember if you are used to moving around in a comfortable modern vehicle \u2013 we will provide it. If you value your time and like to observe punctuality \u2013 we will provide it. Even if you travel extensively and like to make arrangements quick and easy \u2013 we will provide it.<\/p>\n<\/div>\n<div class=\"col-xs-12 col-sm-12 col-md-4 col-lg-4\">\n<a class=\"cherry-btn cherry-btn-primary cherry-btn-medium cherry-btn-inline cherry-btn-fade style-1  button-521\" target=\"_self\" href=\"#\"><span class=\"cherry-btn-icon icon-position-left\"><img src=\"\/wp-content\/uploads\/2017\/04\/umbrella.png\" alt=\"\"><\/span><span class=\"cherry-btn-content-wrap\">Read More<\/span><\/a>\n<h3 style=\"text-align: center;\">Affordable Prices<\/h3>\n<p style=\"text-align: justify;\">London Airport Transfers offers high-quality service for affordable prices. To ensure the safety of our customers we hire only expert chauffeurs with at least 5 years of driving experience, great knowledge of the city and friendly attitude towards customers. They will take you to any location you desire in a flash. Great alternative to taxis, we aim to be flexible in route planning. If your plans suddenly change, or decide to have a tour around London accompanied by an experienced chauffeur, it is possible to change the route even on the way. Time-wise, you can order our services far in advance, or for the nearest future.<\/p>\n<\/div>\n<div class=\"col-xs-12 col-sm-12 col-md-4 col-lg-4\">\n<a class=\"cherry-btn cherry-btn-primary cherry-btn-medium cherry-btn-inline cherry-btn-fade style-1  button-534\" target=\"_self\" href=\"#\"><span class=\"cherry-btn-icon icon-position-left\"><img src=\"\/wp-content\/uploads\/2017\/04\/handshake.png\" alt=\"\"><\/span><span class=\"cherry-btn-content-wrap\">Read More<\/span><\/a>\n<h3 style=\"text-align: center;\">Reliability<\/h3>\n<p style=\"text-align: justify;\">Overall we believe that in order to provide first-class service, it is important to maintain real-life communication with our customers and scrutinize the nuances of transfer business to understand customers\u2019 needs. As a matter of fact London Airport Transfers professional operators stay connected 24 hours 7 days per week to answer all of your questions. We highly value your opinion; therefore, you are welcome to leave feedbacks on our website. We are ready to act responsibly in fulfilling obligations towards customers and cope with the most demanding tasks.<\/p>\n<\/div>\n<\/div><\/div><\/div>\n<\/div>\n<\/div><\/div><div class=\"clear\"><\/div><\/div><div class=\"parallax-bg\" data-parallax-type=\"image\" data-img-url=\"\/wp-content\/uploads\/2017\/01\/parallax-img1-min.jpg\" data-speed=\"1.5\" data-invert=\"\" ><\/div><\/section><\/div>\n<div class=\"row  \" ><div class=\"container\"><div class=\"row row-edge\">\n<div class=\"col-md-12\">\n<div class=\"title-box   title_box-568\"><div class=\"title-box_content\"><h2 class=\"title-box_title\">get a quote<\/h2><\/div><\/div>\n<\/div>\n<\/div><\/div><\/div>\n<div class=\"row  \" ><div class=\"container\"><div class=\"row row-edge\">\n<div class=\"col-md-12 col-lg-12\">\n\n<div class=\"wpcf7 no-js\" id=\"wpcf7-f719-o1\" lang=\"en-GB\" dir=\"ltr\">\n<div class=\"screen-reader-response\"><p role=\"status\" aria-live=\"polite\" aria-atomic=\"true\"><\/p> <ul><\/ul><\/div>\n<form action=\"\/prev\/wp-json\/wp\/v2\/pages\/5#wpcf7-f719-o1\" method=\"post\" class=\"wpcf7-form init\" aria-label=\"Contact form\" novalidate=\"novalidate\" data-status=\"init\">\n<div style=\"display: none;\">\n<input type=\"hidden\" name=\"_wpcf7\" value=\"719\" \/>\n<input type=\"hidden\" name=\"_wpcf7_version\" value=\"5.7.5.1\" \/>\n<input type=\"hidden\" name=\"_wpcf7_locale\" value=\"en_GB\" \/>\n<input type=\"hidden\" name=\"_wpcf7_unit_tag\" value=\"wpcf7-f719-o1\" \/>\n<input type=\"hidden\" name=\"_wpcf7_container_post\" value=\"0\" \/>\n<input type=\"hidden\" name=\"_wpcf7_posted_data_hash\" value=\"\" \/>\n<\/div>\n<style>\n.wpcf7-response-output{text-align: center;}\n<\/style>\n<div class=\"row\">\n\t<div class=\"col-lg-4 col-xs-12\">\n\t\t<div class=\"form-group\">\n\t\t\t<p><label for=\"pick-up-address\">Pick up address or Airport Code<\/label><span class=\"wpcf7-form-control-wrap\" data-name=\"pick-up-address\"><input size=\"40\" class=\"wpcf7-form-control wpcf7-text wpcf7-validates-as-required form-control\" id=\"pick-up-address\" aria-required=\"true\" aria-invalid=\"false\" value=\"\" type=\"text\" name=\"pick-up-address\" \/><\/span>\n\t\t\t<\/p>\n\t\t<\/div>\n\t<\/div>\n\t<div class=\"col-lg-4 col-xs-12\">\n\t\t<div class=\"form-group\">\n\t\t\t<p><label for=\"drop-off-address\">Drop off address or Airport Code<\/label><span class=\"wpcf7-form-control-wrap\" data-name=\"drop-off-address\"><input size=\"40\" class=\"wpcf7-form-control wpcf7-text wpcf7-validates-as-required form-control\" id=\"drop-off-address\" aria-required=\"true\" aria-invalid=\"false\" value=\"\" type=\"text\" name=\"drop-off-address\" \/><\/span>\n\t\t\t<\/p>\n\t\t<\/div>\n\t<\/div>\n\t<div class=\"col-lg-4 col-xs-12\">\n\t\t<div class=\"form-group\">\n\t\t\t<p><label for=\"drop-off-address\">Pick up date<\/label><span class=\"wpcf7-form-control-wrap pick-up-date\"><input size=\"40\" class=\"wpcf7-form-control wpcf7-date wpcf7-datetime wpcf7-validates-as-required form-control\" type=\"text\" aria-required=\"true\" placeholder=\"Pick up date\" value=\"\" name=\"pick-up-date\" \/> <\/span>\n\t\t\t<\/p>\n\t\t<\/div>\n\t<\/div>\n<\/div>\n<div class=\"row\">\n\t<div class=\"col-lg-8 col-xs-12\">\n\t\t<p><label for=\"drop-off-address\">Vehicle Type<\/label><span class=\"wpcf7-form-control-wrap\" data-name=\"id:vehicle-type\"><select class=\"wpcf7-form-control wpcf7-select wpcf7-validates-as-required form-control\" aria-required=\"true\" aria-invalid=\"false\" name=\"id:vehicle-type\"><option value=\"MERCEDES-BENZ E CLASS\">MERCEDES-BENZ E CLASS<\/option><option value=\"MERCEDES-BENZ V CLASS\">MERCEDES-BENZ V CLASS<\/option><option value=\"MERCEDES-BENZ S CLASS\">MERCEDES-BENZ S CLASS<\/option><\/select><\/span>\n\t\t<\/p>\n\t<\/div>\n\t<div class=\"col-lg-4 col-xs-12\">\n\t\t<p><label for=\"drop-off-address\">Flight Number<\/label><span class=\"wpcf7-form-control-wrap\" data-name=\"customer-flight-number\"><input size=\"40\" class=\"wpcf7-form-control wpcf7-text form-control\" id=\"customer-flight-number\" aria-invalid=\"false\" value=\"\" type=\"text\" name=\"customer-flight-number\" \/><\/span>\n\t\t<\/p>\n\t<\/div>\n<\/div>\n<div class=\"row\">\n\t<div class=\"col-sm-12 col-md-4\">\n\t\t<div class=\"form-group\">\n\t\t\t<p><label for=\"drop-off-address\">Customer Name<\/label><span class=\"wpcf7-form-control-wrap\" data-name=\"customer-name\"><input size=\"40\" class=\"wpcf7-form-control wpcf7-text wpcf7-validates-as-required form-control\" id=\"customer-name\" aria-required=\"true\" aria-invalid=\"false\" value=\"\" type=\"text\" name=\"customer-name\" \/><\/span>\n\t\t\t<\/p>\n\t\t<\/div>\n\t<\/div>\n\t<div class=\"col-sm-12 col-md-4\">\n\t\t<div class=\"form-group\">\n\t\t\t<p><label for=\"drop-off-address\">Email<\/label><span class=\"wpcf7-form-control-wrap\" data-name=\"customer-email\"><input size=\"40\" class=\"wpcf7-form-control wpcf7-text wpcf7-email wpcf7-validates-as-required wpcf7-validates-as-email form-control\" id=\"customer-email\" aria-required=\"true\" aria-invalid=\"false\" value=\"\" type=\"email\" name=\"customer-email\" \/><\/span>\n\t\t\t<\/p>\n\t\t<\/div>\n\t<\/div>\n\t<div class=\"col-sm-12 col-md-4\">\n\t\t<div class=\"form-group\">\n\t\t\t<p><label for=\"drop-off-address\">Phone<\/label><span class=\"wpcf7-form-control-wrap\" data-name=\"customer-phone\"><input size=\"40\" class=\"wpcf7-form-control wpcf7-text form-control\" id=\"customer-phone\" aria-invalid=\"false\" value=\"\" type=\"text\" name=\"customer-phone\" \/><\/span>\n\t\t\t<\/p>\n\t\t<\/div>\n\t<\/div>\n<\/div>\n<div class=\"row\">\n\t<div class=\"col-md-12\">\n\t\t<p><input class=\"wpcf7-form-control has-spinner wpcf7-submit form-control\" type=\"submit\" value=\"Get a quote\" \/>\n\t\t<\/p>\n\t<\/div>\n<\/div><div class=\"wpcf7-response-output\" aria-hidden=\"true\"><\/div>\n<\/form>\n<\/div>\n\n<\/div>\n<\/div><\/div><\/div>\n<div style=\"margin-bottom: 50px;\"><\/div>\n<div class=\"row  \" ><div class=\"container\"><div class=\"row row-edge\">\n<div class=\"col-md-12 col-lg-12\">\n<div class=\"row  \" ><div class=\"container\"><div class=\"row row-edge\">\n<div class=\"col-md-12\">\n<div class=\"title-box   title_box-354\"><div class=\"title-box_content\"><h2 class=\"title-box_title\">testimonials<\/h2><\/div><\/div>\n<\/div>\n<\/div><\/div><\/div>\n<div class=\"ti-widget ti-goog\" data-layout-id=\"4\" data-set-id=\"light-minimal\" data-pid=\"b5167179c03e50ec942cb\" data-pager-autoplay-timeout=\"6\" > <div class=\"ti-widget-container ti-col-3\"> <div class=\"ti-reviews-container\"> <div class=\"ti-controls\"> <div class=\"ti-next\"><\/div> <div class=\"ti-prev\"><\/div> <\/div> <div class=\"ti-reviews-container-wrapper\">  <div data-empty=\"1\" class=\"ti-review-item source-Google\" > <div class=\"ti-inner\"> <div class=\"ti-review-header\"> <div class=\"ti-profile-img\"> <img src=\"https:\/\/lh3.googleusercontent.com\/a-\/AD5-WClDnN9yrmHPbg7uT_6pka2NMt3D5ophygnRGhv2mw=s120-c-c-rp-w64-h64-mo-ba2-br100\" alt=\"Ivan Pogor\" \/> <\/div> <div class=\"ti-profile-details\"> <div class=\"ti-name\"> Ivan Pogor <\/div> <div class=\"ti-date\">2019-10-09<\/div> <\/div> <\/div> <span class=\"ti-stars\"><span class=\"ti-star f\"><\/span><span class=\"ti-star f\"><\/span><span class=\"ti-star f\"><\/span><span class=\"ti-star f\"><\/span><span class=\"ti-star f\"><\/span><\/span> <div class=\"ti-review-content\"><!-- R-CONTENT --><!-- R-CONTENT --><\/div> <span class=\"ti-read-more\" data-container=\".ti-review-content\" data-collapse-text=\"Hide\" data-open-text=\"Read more\"><\/span> <\/div> <\/div>  <div data-empty=\"0\" class=\"ti-review-item source-Google\" > <div class=\"ti-inner\"> <div class=\"ti-review-header\"> <div class=\"ti-profile-img\"> <img src=\"https:\/\/lh3.googleusercontent.com\/a-\/AD5-WClP4_CiLbPH8Xrp96_7tT3PcXgQw9zBdgMwRtdrUZU=s120-c-c-rp-w64-h64-mo-ba5-br100\" alt=\"Angela de Oliveira\" \/> <\/div> <div class=\"ti-profile-details\"> <div class=\"ti-name\"> Angela de Oliveira <\/div> <div class=\"ti-date\">2019-03-27<\/div> <\/div> <\/div> <span class=\"ti-stars\"><span class=\"ti-star f\"><\/span><span class=\"ti-star f\"><\/span><span class=\"ti-star f\"><\/span><span class=\"ti-star f\"><\/span><span class=\"ti-star f\"><\/span><\/span> <div class=\"ti-review-content\"><!-- R-CONTENT -->Fomos transportados do aeroporto ao hotel em um carro muito confort\u00e1vel e limpo.  O motorista era extremamente simp\u00e1tico e agrad\u00e1vel. Durante o percurso foi nos mostrando pontos tur\u00edsticos de Londres e nos dando dicas de passeios e restaurantes. Nos deu dicas de rotas para chegarmos a determinados pontos, j\u00e1 que far\u00edamos boa parte de nossos passeios a p\u00e9. Realmente foi muito \u00fatil! Adoramos!!<!-- R-CONTENT --><\/div> <span class=\"ti-read-more\" data-container=\".ti-review-content\" data-collapse-text=\"Hide\" data-open-text=\"Read more\"><\/span> <\/div> <\/div>  <div data-empty=\"0\" class=\"ti-review-item source-Google\" > <div class=\"ti-inner\"> <div class=\"ti-review-header\"> <div class=\"ti-profile-img\"> <img src=\"https:\/\/lh3.googleusercontent.com\/a-\/AD5-WCk6N17bPpO-IBEgAxsYNptSDXdDwzzTuHWyDg__fA=s120-c-c-rp-w64-h64-mo-br100\" alt=\"DK DAWINCHI\" \/> <\/div> <div class=\"ti-profile-details\"> <div class=\"ti-name\"> DK DAWINCHI <\/div> <div class=\"ti-date\">2018-12-06<\/div> <\/div> <\/div> <span class=\"ti-stars\"><span class=\"ti-star f\"><\/span><span class=\"ti-star f\"><\/span><span class=\"ti-star f\"><\/span><span class=\"ti-star f\"><\/span><span class=\"ti-star f\"><\/span><\/span> <div class=\"ti-review-content\"><!-- R-CONTENT -->superb chauffeur service in London<!-- R-CONTENT --><\/div> <span class=\"ti-read-more\" data-container=\".ti-review-content\" data-collapse-text=\"Hide\" data-open-text=\"Read more\"><\/span> <\/div> <\/div>  <div data-empty=\"0\" class=\"ti-review-item source-Google\" > <div class=\"ti-inner\"> <div class=\"ti-review-header\"> <div class=\"ti-profile-img\"> <img src=\"https:\/\/lh3.googleusercontent.com\/a-\/AD5-WCnEBzWDbe9XFCiMYqSeYJjtR2koDYyc1PovzXVhsA=s120-c-c-rp-w64-h64-mo-ba4-br100\" alt=\"Aleksandrs Grinkivs\" \/> <\/div> <div class=\"ti-profile-details\"> <div class=\"ti-name\"> Aleksandrs Grinkivs <\/div> <div class=\"ti-date\">2018-11-23<\/div> <\/div> <\/div> <span class=\"ti-stars\"><span class=\"ti-star f\"><\/span><span class=\"ti-star f\"><\/span><span class=\"ti-star f\"><\/span><span class=\"ti-star f\"><\/span><span class=\"ti-star f\"><\/span><\/span> <div class=\"ti-review-content\"><!-- R-CONTENT -->Best luxury chauffeur service from Heathrow Airport.<!-- R-CONTENT --><\/div> <span class=\"ti-read-more\" data-container=\".ti-review-content\" data-collapse-text=\"Hide\" data-open-text=\"Read more\"><\/span> <\/div> <\/div>  <div data-empty=\"0\" class=\"ti-review-item source-Google\" > <div class=\"ti-inner\"> <div class=\"ti-review-header\"> <div class=\"ti-profile-img\"> <img src=\"https:\/\/lh3.googleusercontent.com\/a-\/AD5-WCnm__z7REUKNrkgAiX58A7K1hP2UanwAWlpcbnU3A=s120-c-c-rp-w64-h64-mo-ba5-br100\" alt=\"liam cotter\" \/> <\/div> <div class=\"ti-profile-details\"> <div class=\"ti-name\"> liam cotter <\/div> <div class=\"ti-date\">2018-10-09<\/div> <\/div> <\/div> <span class=\"ti-stars\"><span class=\"ti-star f\"><\/span><span class=\"ti-star f\"><\/span><span class=\"ti-star f\"><\/span><span class=\"ti-star f\"><\/span><span class=\"ti-star f\"><\/span><\/span> <div class=\"ti-review-content\"><!-- R-CONTENT -->A great place<!-- R-CONTENT --><\/div> <span class=\"ti-read-more\" data-container=\".ti-review-content\" data-collapse-text=\"Hide\" data-open-text=\"Read more\"><\/span> <\/div> <\/div>  <div data-empty=\"0\" class=\"ti-review-item source-Google\" > <div class=\"ti-inner\"> <div class=\"ti-review-header\"> <div class=\"ti-profile-img\"> <img src=\"https:\/\/lh3.googleusercontent.com\/a-\/AD5-WCnXMi56vowB4da9iyxFjAMbVfE83unfTCyHZ6MeNA=s120-c-c-rp-w64-h64-mo-ba5-br100\" alt=\"Suraj SigDel\" \/> <\/div> <div class=\"ti-profile-details\"> <div class=\"ti-name\"> Suraj SigDel <\/div> <div class=\"ti-date\">2018-09-04<\/div> <\/div> <\/div> <span class=\"ti-stars\"><span class=\"ti-star f\"><\/span><span class=\"ti-star f\"><\/span><span class=\"ti-star f\"><\/span><span class=\"ti-star f\"><\/span><span class=\"ti-star e\"><\/span><\/span> <div class=\"ti-review-content\"><!-- R-CONTENT -->Timely travel arrangements<!-- R-CONTENT --><\/div> <span class=\"ti-read-more\" data-container=\".ti-review-content\" data-collapse-text=\"Hide\" data-open-text=\"Read more\"><\/span> <\/div> <\/div>  <\/div> <div class=\"ti-controls-dots\"> <div class=\"dot active\"><\/div> <\/div> <\/div> <div class=\"ti-footer\"> <div class=\"ti-rating-text\"> <span class=\"nowrap\"><strong>Google<\/strong> rating score: <\/span><span class=\"nowrap\"><strong>4.8<\/strong> of 5, <\/span><span class=\"nowrap\">based on <strong>6 reviews<\/strong><\/span> <\/div> <\/div> <\/div> <\/div>\n<\/div>\n<\/div><\/div><\/div>\n","protected":false},"excerpt":{"rendered":"","protected":false},"author":1,"featured_media":1113,"parent":0,"menu_order":0,"comment_status":"open","ping_status":"open","template":"","meta":{"_mi_skip_tracking":false,"_monsterinsights_sitenote_active":false,"_monsterinsights_sitenote_note":"","_monsterinsights_sitenote_category":0},"_links":{"self":[{"href":"https:\/\/247london-airport-transfers.co.uk\/prev\/wp-json\/wp\/v2\/pages\/5"}],"collection":[{"href":"https:\/\/247london-airport-transfers.co.uk\/prev\/wp-json\/wp\/v2\/pages"}],"about":[{"href":"https:\/\/247london-airport-transfers.co.uk\/prev\/wp-json\/wp\/v2\/types\/page"}],"author":[{"embeddable":true,"href":"https:\/\/247london-airport-transfers.co.uk\/prev\/wp-json\/wp\/v2\/users\/1"}],"replies":[{"embeddable":true,"href":"https:\/\/247london-airport-transfers.co.uk\/prev\/wp-json\/wp\/v2\/comments?post=5"}],"version-history":[{"count":5,"href":"https:\/\/247london-airport-transfers.co.uk\/prev\/wp-json\/wp\/v2\/pages\/5\/revisions"}],"predecessor-version":[{"id":6851,"href":"https:\/\/247london-airport-transfers.co.uk\/prev\/wp-json\/wp\/v2\/pages\/5\/revisions\/6851"}],"wp:featuredmedia":[{"embeddable":true,"href":"https:\/\/247london-airport-transfers.co.uk\/prev\/wp-json\/wp\/v2\/media\/1113"}],"wp:attachment":[{"href":"https:\/\/247london-airport-transfers.co.uk\/prev\/wp-json\/wp\/v2\/media?parent=5"}],"curies":[{"name":"wp","href":"https:\/\/api.w.org\/{rel}","templated":true}]}}